{"id":74,"date":"2026-01-05T11:41:36","date_gmt":"2026-01-05T10:41:36","guid":{"rendered":"https:\/\/cv.azpro.duckdns.org\/index.php\/stages\/"},"modified":"2026-01-15T17:57:04","modified_gmt":"2026-01-15T16:57:04","slug":"stages","status":"publish","type":"page","link":"https:\/\/cv.azpro.duckdns.org\/index.php\/stages\/","title":{"rendered":"Stages"},"content":{"rendered":"\n\n\n\n\n\n\n\n\n<div class=\"wp-block-media-text is-stacked-on-mobile\"><figure class=\"wp-block-media-text__media\"><img fetchpriority=\"high\" decoding=\"async\" width=\"225\" height=\"225\" src=\"https:\/\/cv.azpro.duckdns.org\/wp-content\/uploads\/2026\/01\/telechargement-4.png\" alt=\"\" class=\"wp-image-135 size-full\" srcset=\"https:\/\/cv.azpro.duckdns.org\/wp-content\/uploads\/2026\/01\/telechargement-4.png 225w, https:\/\/cv.azpro.duckdns.org\/wp-content\/uploads\/2026\/01\/telechargement-4-150x150.png 150w\" sizes=\"(max-width: 225px) 100vw, 225px\" \/><\/figure><div class=\"wp-block-media-text__content\">\n<p class=\"has-text-align-left has-medium-font-size\" style=\"text-decoration:underline\">2 Stage Thales <strong>G\u00e9menos<\/strong>  :<\/p>\n\n\n\n\n\n<ul class=\"wp-block-list\">\n<li>Installation d&rsquo;OS sur des composants bancaire.<\/li>\n\n\n\n<li>R\u00e9alisation de test sur des composants de cartes contactless et contact, pendants des longs cycles a hautes temp\u00e9ratures.<\/li>\n\n\n\n<li>Tests de bon fonctionnement sur des cartes contact et contactless.<\/li>\n<\/ul>\n<\/div><\/div>\n\n\n\n<div class=\"wp-block-media-text has-media-on-the-right is-stacked-on-mobile\"><div class=\"wp-block-media-text__content\">\n<p class=\"has-text-align-left has-medium-font-size\" style=\"text-decoration:underline\">1 Stage Thales <strong>La Ciotat<\/strong> :<\/p>\n\n\n\n\n\n<ul class=\"wp-block-list\">\n<li>Apprentissage pouss\u00e9 sur le Fonctionnement en profondeur sur les IA (LLM).<\/li>\n\n\n\n<li>Attaque par prompt sur des IA d&rsquo;entrainement d&rsquo;intrusion.<\/li>\n\n\n\n<li>Analyse des vuln\u00e9rabilit\u00e9s des puces de cartes.<\/li>\n\n\n\n<li>Reconstitution du r\u00e9seaux interne de THALES (entrainement).<\/li>\n<\/ul>\n<\/div><figure class=\"wp-block-media-text__media\"><img fetchpriority=\"high\" decoding=\"async\" width=\"225\" height=\"225\" src=\"https:\/\/cv.azpro.duckdns.org\/wp-content\/uploads\/2026\/01\/telechargement-4.png\" alt=\"\" class=\"wp-image-135 size-full\" srcset=\"https:\/\/cv.azpro.duckdns.org\/wp-content\/uploads\/2026\/01\/telechargement-4.png 225w, https:\/\/cv.azpro.duckdns.org\/wp-content\/uploads\/2026\/01\/telechargement-4-150x150.png 150w\" sizes=\"(max-width: 225px) 100vw, 225px\" \/><\/figure><\/div>\n\n\n\n\n\n\n\n<div class=\"wp-block-media-text is-stacked-on-mobile\"><figure class=\"wp-block-media-text__media\"><img decoding=\"async\" width=\"323\" height=\"156\" src=\"https:\/\/cv.azpro.duckdns.org\/wp-content\/uploads\/2026\/01\/images-1.png\" alt=\"\" class=\"wp-image-143 size-full\" srcset=\"https:\/\/cv.azpro.duckdns.org\/wp-content\/uploads\/2026\/01\/images-1.png 323w, https:\/\/cv.azpro.duckdns.org\/wp-content\/uploads\/2026\/01\/images-1-300x145.png 300w\" sizes=\"(max-width: 323px) 100vw, 323px\" \/><\/figure><div class=\"wp-block-media-text__content\">\n<p style=\"text-decoration:underline\">2 Stages \u00e0 IADYS <strong>Roquefort La B\u00e9doule<\/strong> :<\/p>\n\n\n\n\n\n<ul class=\"wp-block-list\">\n<li>Conception et fabrication de robots nettoyeurs de ports.<\/li>\n\n\n\n<li>R\u00e9alisation de test dans le port de Cassis.<\/li>\n\n\n\n<li>Fabrication de chariot de mise a l&rsquo;eau.<\/li>\n\n\n\n<li>Construction de cerveaux \u00e9lectronique pour les robots.<\/li>\n<\/ul>\n<\/div><\/div>\n\n\n\n\n\n\n\n\n\n<div class=\"wp-block-media-text has-media-on-the-right is-stacked-on-mobile\"><div class=\"wp-block-media-text__content\">\n<p style=\"text-decoration:underline\">1 stage au Cabinet Louis Reynaud <strong>La Ciotat<\/strong> :<\/p>\n\n\n\n<ul class=\"wp-block-list\">\n<li>D\u00e9couverte des syst\u00e8mes de protections biom\u00e9trique.<\/li>\n\n\n\n<li>R\u00e9alisations d&rsquo;attaques sur des sites de clients (<a href=\"https:\/\/fr.wikipedia.org\/wiki\/Test_d%27intrusion\" data-type=\"link\" data-id=\"https:\/\/fr.wikipedia.org\/wiki\/Test_d%27intrusion\"><strong>PENTEST<\/strong><\/a>).<\/li>\n\n\n\n<li>R\u00e9alisation d&rsquo;un parcourt d&rsquo;intrusion sur le site <a href=\"https:\/\/tryhackme.com\/\" data-type=\"link\" data-id=\"https:\/\/tryhackme.com\/\"><strong>TryHackMe<\/strong><\/a><\/li>\n<\/ul>\n<\/div><figure class=\"wp-block-media-text__media\"><img decoding=\"async\" width=\"329\" height=\"153\" src=\"https:\/\/cv.azpro.duckdns.org\/wp-content\/uploads\/2026\/01\/images-1-1.png\" alt=\"\" class=\"wp-image-146 size-full\" srcset=\"https:\/\/cv.azpro.duckdns.org\/wp-content\/uploads\/2026\/01\/images-1-1.png 329w, https:\/\/cv.azpro.duckdns.org\/wp-content\/uploads\/2026\/01\/images-1-1-300x140.png 300w\" sizes=\"(max-width: 329px) 100vw, 329px\" \/><\/figure><\/div>\n\n\n\n\n\n\n\n<div class=\"wp-block-media-text is-stacked-on-mobile\"><figure class=\"wp-block-media-text__media\"><img loading=\"lazy\" decoding=\"async\" width=\"200\" height=\"200\" src=\"https:\/\/cv.azpro.duckdns.org\/wp-content\/uploads\/2026\/01\/Ujd1YWgOvI04kpHYquggA1v9xJ31673424675623_200x200.png\" alt=\"\" class=\"wp-image-150 size-full\" srcset=\"https:\/\/cv.azpro.duckdns.org\/wp-content\/uploads\/2026\/01\/Ujd1YWgOvI04kpHYquggA1v9xJ31673424675623_200x200.png 200w, https:\/\/cv.azpro.duckdns.org\/wp-content\/uploads\/2026\/01\/Ujd1YWgOvI04kpHYquggA1v9xJ31673424675623_200x200-150x150.png 150w\" sizes=\"(max-width: 200px) 100vw, 200px\" \/><\/figure><div class=\"wp-block-media-text__content\">\n<p style=\"text-decoration:underline\">1 stage en 3\u00e8me chez \u00e0 ASP Serveur <strong>La Ciotat<\/strong> :<\/p>\n\n\n\n\n\n<ul class=\"wp-block-list\">\n<li>D\u00e9couverte des baies de Serveur de La Ciotat et de Marseille.<\/li>\n\n\n\n<li>Analyse des vuln\u00e9rabilit\u00e9s des serveurs et comment y rem\u00e9dier.<\/li>\n<\/ul>\n<\/div><\/div>\n","protected":false},"excerpt":{"rendered":"","protected":false},"author":1,"featured_media":0,"parent":0,"menu_order":0,"comment_status":"closed","ping_status":"closed","template":"kubio-full-width","meta":{"saved_in_kubio":true,"footnotes":""},"class_list":["post-74","page","type-page","status-publish","hentry"],"kubio_ai_page_context":{"short_desc":"","purpose":"general"},"_links":{"self":[{"href":"https:\/\/cv.azpro.duckdns.org\/index.php\/wp-json\/wp\/v2\/pages\/74","targetHints":{"allow":["GET"]}}],"collection":[{"href":"https:\/\/cv.azpro.duckdns.org\/index.php\/wp-json\/wp\/v2\/pages"}],"about":[{"href":"https:\/\/cv.azpro.duckdns.org\/index.php\/wp-json\/wp\/v2\/types\/page"}],"author":[{"embeddable":true,"href":"https:\/\/cv.azpro.duckdns.org\/index.php\/wp-json\/wp\/v2\/users\/1"}],"replies":[{"embeddable":true,"href":"https:\/\/cv.azpro.duckdns.org\/index.php\/wp-json\/wp\/v2\/comments?post=74"}],"version-history":[{"count":13,"href":"https:\/\/cv.azpro.duckdns.org\/index.php\/wp-json\/wp\/v2\/pages\/74\/revisions"}],"predecessor-version":[{"id":198,"href":"https:\/\/cv.azpro.duckdns.org\/index.php\/wp-json\/wp\/v2\/pages\/74\/revisions\/198"}],"wp:attachment":[{"href":"https:\/\/cv.azpro.duckdns.org\/index.php\/wp-json\/wp\/v2\/media?parent=74"}],"curies":[{"name":"wp","href":"https:\/\/api.w.org\/{rel}","templated":true}]}}